{"id":28,"date":"2020-09-09T18:14:50","date_gmt":"2020-09-09T18:14:50","guid":{"rendered":"https:\/\/ferdinands-welten.ch\/?page_id=28"},"modified":"2020-09-24T08:03:31","modified_gmt":"2020-09-24T08:03:31","slug":"startseite","status":"publish","type":"page","link":"https:\/\/ferdinands-welten.ch\/","title":{"rendered":"Startseite"},"content":{"rendered":"\r\n<h4><strong>K\u00f6rperreinigungsrituale und Kraftorterkennungen<\/strong><\/h4>\r\n<p>Ich biete<br \/>&#8211; einfache Reinigungsrituale f\u00fcr den K\u00f6rper <br \/>\u00a0\u00a0 (B\u00e4der und R\u00e4ucherungen)<br \/>&#8211; Spirituelle Reinigungsrituale f\u00fcr K\u00f6rper, Seele und Geist<br \/>&#8211; Kraftortfindung und Wahrnehmung<\/p>\r\n<p>Telefon: 076 813 50 00<\/p>\r\n<p>Ich freue mich auf Ihren Anruf<\/p>\r\n<p>Ferdinand<\/p>\r\n\r\n<div id=\"kpm-root\" class=\"kpm_LTR notranslate\" translate=\"no\">\u00a0<\/div>\r\n<div id=\"kpm-root\" class=\"kpm_LTR notranslate\" translate=\"no\">\u00a0<\/div>","protected":false},"excerpt":{"rendered":"<p>K\u00f6rperreinigungsrituale und Kraftorterkennungen Ich biete&#8211; einfache Reinigungsrituale f\u00fcr den K\u00f6rper \u00a0\u00a0 (B\u00e4der und R\u00e4ucherungen)&#8211; Spirituelle Reinigungsrituale f\u00fcr K\u00f6rper, Seele und Geist&#8211; Kraftortfindung und Wahrnehmung Telefon: 076 813 50 00 Ich freue mich auf Ihren Anruf Ferdinand \u00a0 \u00a0<\/p>\n","protected":false},"author":1,"featured_media":0,"parent":0,"menu_order":0,"comment_status":"closed","ping_status":"closed","template":"","meta":[],"_links":{"self":[{"href":"https:\/\/ferdinands-welten.ch\/index.php?rest_route=\/wp\/v2\/pages\/28"}],"collection":[{"href":"https:\/\/ferdinands-welten.ch\/index.php?rest_route=\/wp\/v2\/pages"}],"about":[{"href":"https:\/\/ferdinands-welten.ch\/index.php?rest_route=\/wp\/v2\/types\/page"}],"author":[{"embeddable":true,"href":"https:\/\/ferdinands-welten.ch\/index.php?rest_route=\/wp\/v2\/users\/1"}],"replies":[{"embeddable":true,"href":"https:\/\/ferdinands-welten.ch\/index.php?rest_route=%2Fwp%2Fv2%2Fcomments&post=28"}],"version-history":[{"count":5,"href":"https:\/\/ferdinands-welten.ch\/index.php?rest_route=\/wp\/v2\/pages\/28\/revisions"}],"predecessor-version":[{"id":124,"href":"https:\/\/ferdinands-welten.ch\/index.php?rest_route=\/wp\/v2\/pages\/28\/revisions\/124"}],"wp:attachment":[{"href":"https:\/\/ferdinands-welten.ch\/index.php?rest_route=%2Fwp%2Fv2%2Fmedia&parent=28"}],"curies":[{"name":"wp","href":"https:\/\/api.w.org\/{rel}","templated":true}]}}